{"id":5076,"date":"2026-04-08T11:17:39","date_gmt":"2026-04-08T09:17:39","guid":{"rendered":"https:\/\/it2523.sspu-opava.eu\/?page_id=5076"},"modified":"2026-04-08T11:51:08","modified_gmt":"2026-04-08T09:51:08","slug":"o-nas","status":"publish","type":"page","link":"https:\/\/it2523.sspu-opava.eu\/","title":{"rendered":"O n\u00e1s"},"content":{"rendered":"\t\t<div data-elementor-type=\"wp-page\" data-elementor-id=\"5076\" class=\"elementor elementor-5076\">\n\t\t\t\t<div class=\"elementor-element elementor-element-1701ec2 e-flex e-con-boxed e-con e-parent\" data-id=\"1701ec2\" data-element_type=\"container\" data-e-type=\"container\" data-settings=\"{&quot;background_background&quot;:&quot;classic&quot;}\">\n\t\t\t\t\t<div class=\"e-con-inner\">\n\t\t\t\t<div class=\"elementor-element elementor-element-2a91dc6 elementor-absolute elementor-widget elementor-widget-heading\" data-id=\"2a91dc6\" data-element_type=\"widget\" data-e-type=\"widget\" data-settings=\"{&quot;_position&quot;:&quot;absolute&quot;}\" data-widget_type=\"heading.default\">\n\t\t\t\t\t<h2 class=\"elementor-heading-title elementor-size-default\">VZH\u016eRU K OBZOR\u016eM!<\/h2>\t\t\t\t<\/div>\n\t\t\t\t<div class=\"elementor-element elementor-element-5f1dc81 elementor-absolute elementor-widget-divider--view-line elementor-widget elementor-widget-divider\" data-id=\"5f1dc81\" data-element_type=\"widget\" data-e-type=\"widget\" data-settings=\"{&quot;_position&quot;:&quot;absolute&quot;}\" data-widget_type=\"divider.default\">\n\t\t\t\t\t\t\t<div class=\"elementor-divider\">\n\t\t\t<span class=\"elementor-divider-separator\">\n\t\t\t\t\t\t<\/span>\n\t\t<\/div>\n\t\t\t\t\t\t<\/div>\n\t\t\t\t<div class=\"elementor-element elementor-element-7c88c35 elementor-absolute elementor-widget elementor-widget-heading\" data-id=\"7c88c35\" data-element_type=\"widget\" data-e-type=\"widget\" data-settings=\"{&quot;_position&quot;:&quot;absolute&quot;}\" data-widget_type=\"heading.default\">\n\t\t\t\t\t<h2 class=\"elementor-heading-title elementor-size-default\">O n\u00e1s<\/h2>\t\t\t\t<\/div>\n\t\t\t\t\t<\/div>\n\t\t\t\t<\/div>\n\t\t\t\t<\/div>\n\t\t","protected":false},"excerpt":{"rendered":"<p>VZH\u016eRU K OBZOR\u016eM! O n\u00e1s<\/p>\n","protected":false},"author":1,"featured_media":0,"parent":0,"menu_order":0,"comment_status":"closed","ping_status":"closed","template":"","meta":{"footnotes":""},"class_list":["post-5076","page","type-page","status-publish","hentry"],"_links":{"self":[{"href":"https:\/\/it2523.sspu-opava.eu\/index.php?rest_route=\/wp\/v2\/pages\/5076","targetHints":{"allow":["GET"]}}],"collection":[{"href":"https:\/\/it2523.sspu-opava.eu\/index.php?rest_route=\/wp\/v2\/pages"}],"about":[{"href":"https:\/\/it2523.sspu-opava.eu\/index.php?rest_route=\/wp\/v2\/types\/page"}],"author":[{"embeddable":true,"href":"https:\/\/it2523.sspu-opava.eu\/index.php?rest_route=\/wp\/v2\/users\/1"}],"replies":[{"embeddable":true,"href":"https:\/\/it2523.sspu-opava.eu\/index.php?rest_route=%2Fwp%2Fv2%2Fcomments&post=5076"}],"version-history":[{"count":9,"href":"https:\/\/it2523.sspu-opava.eu\/index.php?rest_route=\/wp\/v2\/pages\/5076\/revisions"}],"predecessor-version":[{"id":5093,"href":"https:\/\/it2523.sspu-opava.eu\/index.php?rest_route=\/wp\/v2\/pages\/5076\/revisions\/5093"}],"wp:attachment":[{"href":"https:\/\/it2523.sspu-opava.eu\/index.php?rest_route=%2Fwp%2Fv2%2Fmedia&parent=5076"}],"curies":[{"name":"wp","href":"https:\/\/api.w.org\/{rel}","templated":true}]}}